{"id":9,"date":"2015-09-29T18:15:50","date_gmt":"2015-09-29T16:15:50","guid":{"rendered":"http:\/\/www.artifox.com\/artifox\/?page_id=9"},"modified":"2020-12-17T01:40:32","modified_gmt":"2020-12-17T00:40:32","slug":"gabriele-stautner","status":"publish","type":"page","link":"http:\/\/www.artifox.com\/en\/about-artifox\/gabriele-stautner\/","title":{"rendered":"Gabriele Stautner"},"content":{"rendered":"<section class=\"l-section wpb_row height_large\"><div class=\"l-section-h i-cf\"><div class=\"g-cols vc_row via_flex valign_top type_default stacking_default\"><div class=\"vc_col-sm-3 wpb_column vc_column_container\"><div class=\"vc_column-inner\"><div class=\"wpb_wrapper\"><div class=\"w-image align_none\"><a ref=\"magnificPopup\" href=\"http:\/\/www.artifox.com\/artifox\/wp-content\/uploads\/2015\/09\/500x489-gabriele2.png\" aria-label=\"Link\" class=\"w-image-h\"><img width=\"500\" height=\"489\" src=\"http:\/\/www.artifox.com\/artifox\/wp-content\/uploads\/2015\/09\/500x489-gabriele2.png\" class=\"attachment-full size-full\" alt=\"Gabriele Stautner, founder and CEO of ARTIFOX\" decoding=\"async\" loading=\"lazy\" srcset=\"http:\/\/www.artifox.com\/artifox\/wp-content\/uploads\/2015\/09\/500x489-gabriele2.png 500w, http:\/\/www.artifox.com\/artifox\/wp-content\/uploads\/2015\/09\/500x489-gabriele2-300x293.png 300w\" sizes=\"(max-width: 500px) 100vw, 500px\" \/><\/a><\/div><div class=\"wpb_text_column\"><div class=\"wpb_wrapper\"><\/div><\/div><\/div><\/div><\/div><div class=\"vc_col-sm-6 wpb_column vc_column_container\"><div class=\"vc_column-inner\"><div class=\"wpb_wrapper\"><div class=\"wpb_text_column\"><div class=\"wpb_wrapper\"><p>Gabriele Stautner is a communication designer (Dipl.-FH\/Augsburg, Germany) who has produced award-winning graphic design in German advertising. In addition to her native German, Gabriele is also fluent in English and French. For her diploma she researched in Sevilla, Spain, and speaks Spanish as well.<\/p>\n<p>From 1989 to 1990 she worked in Paris, France, followed by various projects in Canada and the US. From 1991 to 1993, she worked in Stuttgart and greater area, where she gained work experience in the B-to-B business.<\/p>\n<p>From 1995 to 2000, she lived in Iceland and studied Icelandic at the University of Iceland. After 2 years of employment in the biggest printshop of the country, she founded ARTIFOX Communication Design with her American partner Margaret E. Kentta (\u20202003).<\/p>\n<p>In 2000, Gabriele moved to Ulm, her native city. The company was transfered to Germany.<\/p>\n<p>Gabriele brings a broad perspective to ARTIFOX from her work experience in France, Germany, the US and Iceland. These diverse international environments, combined with her mastery of the best design software, lend a unique perspective to client solutions.\n\nWhen not working in design, Gabriele focuses her time on painting art on canvas.<\/p>\n<p>When not professionally designing, Gabriele loves to paint, preferably on big canvases.<\/p>\n<\/div><\/div><\/div><\/div><\/div><div class=\"vc_col-sm-3 wpb_column vc_column_container\"><div class=\"vc_column-inner\"><div class=\"wpb_wrapper\"><\/div><\/div><\/div><\/div><\/div><\/section>","protected":false},"excerpt":{"rendered":"Gabriele Stautner ist Kommunikationsdesignerin (Dipl.-FH\/Augsburg) und hat in Deutschland preisgekr\u00f6ntes Grafik-Design produziert. Zus\u00e4tzlich zu ihrer Muttersprache Deutsch spricht Gabriele flie\u00dfend Englisch und Franz\u00f6sisch; f\u00fcr\u00a0ihre Diplomarbeit recherchierte sie\u00a0in Spanien und\u00a0spricht auch Spanisch. Gabriele\u00a0arbeitete in Werbeagenturen\u00a0in Paris, sowie im Gro\u00dfraum Stuttgart und sammelte Erfahrungen im Bereich B-to-B-Werbung. Es folgten\u00a0Projekte in den USA und Kanada. Von 1995 bis...","protected":false},"author":1,"featured_media":0,"parent":23,"menu_order":0,"comment_status":"closed","ping_status":"closed","template":"","meta":[],"_links":{"self":[{"href":"http:\/\/www.artifox.com\/en\/wp-json\/wp\/v2\/pages\/9"}],"collection":[{"href":"http:\/\/www.artifox.com\/en\/wp-json\/wp\/v2\/pages"}],"about":[{"href":"http:\/\/www.artifox.com\/en\/wp-json\/wp\/v2\/types\/page"}],"author":[{"embeddable":true,"href":"http:\/\/www.artifox.com\/en\/wp-json\/wp\/v2\/users\/1"}],"replies":[{"embeddable":true,"href":"http:\/\/www.artifox.com\/en\/wp-json\/wp\/v2\/comments?post=9"}],"version-history":[{"count":43,"href":"http:\/\/www.artifox.com\/en\/wp-json\/wp\/v2\/pages\/9\/revisions"}],"predecessor-version":[{"id":7035,"href":"http:\/\/www.artifox.com\/en\/wp-json\/wp\/v2\/pages\/9\/revisions\/7035"}],"up":[{"embeddable":true,"href":"http:\/\/www.artifox.com\/en\/wp-json\/wp\/v2\/pages\/23"}],"wp:attachment":[{"href":"http:\/\/www.artifox.com\/en\/wp-json\/wp\/v2\/media?parent=9"}],"curies":[{"name":"wp","href":"https:\/\/api.w.org\/{rel}","templated":true}]}}