{"id":5433,"date":"2016-01-25T22:40:26","date_gmt":"2016-01-25T21:40:26","guid":{"rendered":"http:\/\/www.artifox.com\/artifox\/?page_id=5433"},"modified":"2019-12-27T17:02:20","modified_gmt":"2019-12-27T16:02:20","slug":"portfolio-6","status":"publish","type":"page","link":"http:\/\/www.artifox.com\/en\/portfolio-6\/","title":{"rendered":"Portfolio"},"content":{"rendered":"<section class=\"l-section wpb_row height_small color_alternate\"><div class=\"l-section-h i-cf\"><div class=\"g-cols vc_row via_flex valign_middle type_default stacking_default\"><div class=\"vc_col-sm-6 wpb_column vc_column_container\"><div class=\"vc_column-inner\"><div class=\"wpb_wrapper\"><h1 class=\"w-post-elm post_title us_custom_607cd7e8 entry-title color_link_inherit\">Portfolio<\/h1><\/div><\/div><\/div><div class=\"vc_col-sm-6 wpb_column vc_column_container\"><div class=\"vc_column-inner\"><div class=\"wpb_wrapper\"><ol class=\"g-breadcrumbs us_custom_ea2be81a separator_icon align_right\" role=\"navigation\" itemscope itemtype=\"http:\/\/schema.org\/BreadcrumbList\"><li class=\"g-breadcrumbs-item\" itemscope itemprop=\"itemListElement\" itemtype=\"http:\/\/schema.org\/ListItem\"><a itemprop=\"item\" href=\"http:\/\/www.artifox.com\/en\/\"><span itemprop=\"name\">Home<\/span><\/a><meta itemprop=\"position\" content=\"1\"\/><\/li><li class=\"g-breadcrumbs-separator\"><i class=\"material-icons\">chevron_right<\/i><\/li><li class=\"g-breadcrumbs-item\">Pages<\/li><\/ol><\/div><\/div><\/div><\/div><\/div><\/section><section class=\"l-section wpb_row height_large\"><div class=\"l-section-h i-cf\"><div class=\"g-cols vc_row via_flex valign_top type_default stacking_default\"><div class=\"vc_col-sm-3 wpb_column vc_column_container\"><div class=\"vc_column-inner\"><div class=\"wpb_wrapper\"><div class=\"w-separator size_medium\"><\/div><\/div><\/div><\/div><div class=\"vc_col-sm-6 wpb_column vc_column_container\"><div class=\"vc_column-inner\"><div class=\"wpb_wrapper\"><div class=\"wpb_text_column\"><div class=\"wpb_wrapper\"><h5>ARTIFOX Germany. Whatever the size of our client, we know that their call means they want the special attention to detail that ARTIFOX thrives on.<\/h5>\n<h5>Choose examples of our work from the ARTIFOX portfolio!<\/h5>\n<\/div><\/div><\/div><\/div><\/div><div class=\"vc_col-sm-3 wpb_column vc_column_container\"><div class=\"vc_column-inner\"><div class=\"wpb_wrapper\"><div class=\"w-separator size_medium\"><\/div><\/div><\/div><\/div><\/div><\/div><\/section>","protected":false},"excerpt":{"rendered":"PortfolioHomechevron_rightPagesARTIFOX \u2013 wer an uns einen Gestaltungs- und\/oder Textauftrag vergibt, w\u00fcnscht unsere besondere Aufmerksamkeit f\u00fcrs Detail und wei\u00df unsere Sorgfalt in Sachen Recherche, Analyse und Umsetzung zu sch\u00e4tzen.\u00a0Durchdachte Konzeption gew\u00e4hrleistet zielsichere Gestaltung.\u00a0\u00dcberblick bei der praktischen Abwicklung und Zusammenarbeit mit zuverl\u00e4ssigen Partnern garantieren termingerechten reibungslosen Ablauf. So erzielen wir Ergebnisse, die das Potential unserer Kunden optimal...","protected":false},"author":1,"featured_media":0,"parent":0,"menu_order":0,"comment_status":"closed","ping_status":"closed","template":"","meta":[],"_links":{"self":[{"href":"http:\/\/www.artifox.com\/en\/wp-json\/wp\/v2\/pages\/5433"}],"collection":[{"href":"http:\/\/www.artifox.com\/en\/wp-json\/wp\/v2\/pages"}],"about":[{"href":"http:\/\/www.artifox.com\/en\/wp-json\/wp\/v2\/types\/page"}],"author":[{"embeddable":true,"href":"http:\/\/www.artifox.com\/en\/wp-json\/wp\/v2\/users\/1"}],"replies":[{"embeddable":true,"href":"http:\/\/www.artifox.com\/en\/wp-json\/wp\/v2\/comments?post=5433"}],"version-history":[{"count":37,"href":"http:\/\/www.artifox.com\/en\/wp-json\/wp\/v2\/pages\/5433\/revisions"}],"predecessor-version":[{"id":6926,"href":"http:\/\/www.artifox.com\/en\/wp-json\/wp\/v2\/pages\/5433\/revisions\/6926"}],"wp:attachment":[{"href":"http:\/\/www.artifox.com\/en\/wp-json\/wp\/v2\/media?parent=5433"}],"curies":[{"name":"wp","href":"https:\/\/api.w.org\/{rel}","templated":true}]}}