{"id":38,"date":"2015-09-29T22:38:28","date_gmt":"2015-09-29T20:38:28","guid":{"rendered":"http:\/\/www.artifox.com\/artifox\/?page_id=38"},"modified":"2020-12-17T14:40:02","modified_gmt":"2020-12-17T13:40:02","slug":"precious","status":"publish","type":"page","link":"http:\/\/www.artifox.com\/en\/precious\/","title":{"rendered":"Cool"},"content":{"rendered":"<section class=\"l-section wpb_row height_large\"><div class=\"l-section-h i-cf\"><div class=\"g-cols vc_row via_flex valign_top type_default stacking_default\"><div class=\"vc_col-sm-8 wpb_column vc_column_container\"><div class=\"vc_column-inner\"><div class=\"wpb_wrapper\"><div class=\"wpb_text_column\"><div class=\"wpb_wrapper\"><p><a ref=\"magnificPopup\" href=\"http:\/\/www.artifox.com\/artifox\/wp-content\/uploads\/2015\/09\/artifox-ISL-Arlon-DSC_1997_148.jpg\"><img decoding=\"async\" loading=\"lazy\" class=\"alignnone size-large wp-image-43\" src=\"http:\/\/www.artifox.com\/artifox\/wp-content\/uploads\/2015\/09\/artifox-ISL-Arlon-DSC_1997_148-1024x680.jpg\" alt=\"artifox-ISL-Arlon-DSC_1997_148\" width=\"640\" height=\"425\" srcset=\"http:\/\/www.artifox.com\/artifox\/wp-content\/uploads\/2015\/09\/artifox-ISL-Arlon-DSC_1997_148-1024x680.jpg 1024w, http:\/\/www.artifox.com\/artifox\/wp-content\/uploads\/2015\/09\/artifox-ISL-Arlon-DSC_1997_148-300x199.jpg 300w, http:\/\/www.artifox.com\/artifox\/wp-content\/uploads\/2015\/09\/artifox-ISL-Arlon-DSC_1997_148.jpg 1600w\" sizes=\"(max-width: 640px) 100vw, 640px\" \/><\/a><\/p>\n<p>J\u00f6kuls\u00e1rl\u00f3n, Glacier Lake, Iceland (Photo \u00a9 Gabriele Stautner)<\/p>\n<\/div><\/div><\/div><\/div><\/div><div class=\"vc_col-sm-4 wpb_column vc_column_container\"><div class=\"vc_column-inner\"><div class=\"wpb_wrapper\"><div class=\"wpb_text_column\"><div class=\"wpb_wrapper\"><h3>Precious<\/h3>\n<p>Time spent for yourself is one of the most precious things in life. Time to spend in the nature around you. Time to spend playing your favorite instrument. Time to spend with the favorite person in your life. Find that time and appreciate it. Forget the limitations in life, the lack of time and energy, and embrace every opportunity. Spending your time on the internet will keep you busy, but it is only when you rediscover the three dimensions of the world you live in that you can value the time you spend in life.<\/p>\n<\/div><\/div><\/div><\/div><\/div><\/div><\/div><\/section>","protected":false},"excerpt":{"rendered":"J\u00f6kuls\u00e1rl\u00f3n, Gletschersee, Island (Foto \u00a9 Gabriele Stautner) Kostbar Sich Zeit zu nehmen z\u00e4hlt zu den kostbarsten Dingen\u00a0im Leben: Zeit zum drau\u00dfen sein, Zeit f\u00fcr Bewegung, oder auch nur Zeit zum Nichtstun. Zeit f\u00fcr Musik. Zeit mit geliebten Menschen. Genie\u00dfen und regelm\u00e4\u00dfig die Begrenzungen des Alltags, die Zeit- und Energiefresser f\u00fcr eine Weile bei Seite schieben....","protected":false},"author":1,"featured_media":0,"parent":0,"menu_order":0,"comment_status":"closed","ping_status":"closed","template":"","meta":[],"_links":{"self":[{"href":"http:\/\/www.artifox.com\/en\/wp-json\/wp\/v2\/pages\/38"}],"collection":[{"href":"http:\/\/www.artifox.com\/en\/wp-json\/wp\/v2\/pages"}],"about":[{"href":"http:\/\/www.artifox.com\/en\/wp-json\/wp\/v2\/types\/page"}],"author":[{"embeddable":true,"href":"http:\/\/www.artifox.com\/en\/wp-json\/wp\/v2\/users\/1"}],"replies":[{"embeddable":true,"href":"http:\/\/www.artifox.com\/en\/wp-json\/wp\/v2\/comments?post=38"}],"version-history":[{"count":19,"href":"http:\/\/www.artifox.com\/en\/wp-json\/wp\/v2\/pages\/38\/revisions"}],"predecessor-version":[{"id":7042,"href":"http:\/\/www.artifox.com\/en\/wp-json\/wp\/v2\/pages\/38\/revisions\/7042"}],"wp:attachment":[{"href":"http:\/\/www.artifox.com\/en\/wp-json\/wp\/v2\/media?parent=38"}],"curies":[{"name":"wp","href":"https:\/\/api.w.org\/{rel}","templated":true}]}}