{"id":23,"date":"2015-09-29T21:18:16","date_gmt":"2015-09-29T19:18:16","guid":{"rendered":"http:\/\/www.artifox.com\/artifox\/?page_id=23"},"modified":"2021-01-27T17:15:31","modified_gmt":"2021-01-27T16:15:31","slug":"about-artifox","status":"publish","type":"page","link":"http:\/\/www.artifox.com\/en\/about-artifox\/","title":{"rendered":"About ARTIFOX"},"content":{"rendered":"<section class=\"l-section wpb_row height_large\"><div class=\"l-section-h i-cf\"><div class=\"g-cols vc_row via_flex valign_top type_default stacking_default\"><div class=\"vc_col-sm-3 wpb_column vc_column_container\"><div class=\"vc_column-inner\"><div class=\"wpb_wrapper\"><div class=\"w-separator size_medium\"><\/div><\/div><\/div><\/div><div class=\"vc_col-sm-6 wpb_column vc_column_container\"><div class=\"vc_column-inner\"><div class=\"wpb_wrapper\"><div class=\"wpb_text_column\"><div class=\"wpb_wrapper\"><h5>ARTIFOX was created in 1997 by Gabriele Stautner. Today, ARTIFOX specializes in communication and design and is engaged in international projects for various clients in Europe and the US. ARTIFOX covers a broad range of interests, such as<\/h5>\n<ul>\n<li>\n<h5>Corporate Design<\/h5>\n<\/li>\n<li>\n<h5>conception<\/h5>\n<\/li>\n<li>\n<h5>Photography<\/h5>\n<\/li>\n<li>\n<h5>layout for print and web<\/h5>\n<\/li>\n<\/ul>\n<h5>ARTIFOX is dedicated to providing innovative solutions streamlined to individual client needs. CEO is Gabriele Stautner (Dipl.Des FH), her focus is on the ARTIFOX design section.<\/h5>\n<h5>ARTIFOX Pro Client Edits produces quality writing in English.<\/h5>\n<h5>Our expertise in project management, language quality and good design is second to none and ensures the best results for our clients as well as for us.<\/h5>\n<\/div><\/div><\/div><\/div><\/div><div class=\"vc_col-sm-3 wpb_column vc_column_container\"><div class=\"vc_column-inner\"><div class=\"wpb_wrapper\"><div class=\"w-separator size_medium\"><\/div><\/div><\/div><\/div><\/div><\/div><\/section>","protected":false},"excerpt":{"rendered":"ARTIFOX wurde 1997 von Gabriele Stautner gegr\u00fcndet. Heute ist ARTIFOX spezialisiert auf Kommunikation und Design\u00a0und\u00a0arbeitet an internationalen Projekten f\u00fcr Kunden in Europa und den USA. ARTIFOX ist t\u00e4tig in den Bereichen Corporate Design Konzeption Fotografie Layout f\u00fcr Print und Web ARTIFOX bietet innovative L\u00f6sungen, die dem Profil und den individuellen Anforderungen unserer Kunden zielgenau und...","protected":false},"author":1,"featured_media":7,"parent":0,"menu_order":0,"comment_status":"closed","ping_status":"closed","template":"","meta":[],"_links":{"self":[{"href":"http:\/\/www.artifox.com\/en\/wp-json\/wp\/v2\/pages\/23"}],"collection":[{"href":"http:\/\/www.artifox.com\/en\/wp-json\/wp\/v2\/pages"}],"about":[{"href":"http:\/\/www.artifox.com\/en\/wp-json\/wp\/v2\/types\/page"}],"author":[{"embeddable":true,"href":"http:\/\/www.artifox.com\/en\/wp-json\/wp\/v2\/users\/1"}],"replies":[{"embeddable":true,"href":"http:\/\/www.artifox.com\/en\/wp-json\/wp\/v2\/comments?post=23"}],"version-history":[{"count":13,"href":"http:\/\/www.artifox.com\/en\/wp-json\/wp\/v2\/pages\/23\/revisions"}],"predecessor-version":[{"id":7891,"href":"http:\/\/www.artifox.com\/en\/wp-json\/wp\/v2\/pages\/23\/revisions\/7891"}],"wp:featuredmedia":[{"embeddable":true,"href":"http:\/\/www.artifox.com\/en\/wp-json\/wp\/v2\/media\/7"}],"wp:attachment":[{"href":"http:\/\/www.artifox.com\/en\/wp-json\/wp\/v2\/media?parent=23"}],"curies":[{"name":"wp","href":"https:\/\/api.w.org\/{rel}","templated":true}]}}